{"id":9,"date":"2025-02-21T13:18:12","date_gmt":"2025-02-21T13:18:12","guid":{"rendered":"https:\/\/planungsbuero-muster.de\/?page_id=9"},"modified":"2025-02-24T18:42:04","modified_gmt":"2025-02-24T17:42:04","slug":"impressum","status":"publish","type":"page","link":"https:\/\/planungsbuero-muster.de\/index.php\/impressum\/","title":{"rendered":"Impressum"},"content":{"rendered":"\n<h4 class=\"wp-block-heading\">Herausgeber<\/h4>\n\n\n\n<p>Planungsb\u00fcro Muster<br>Rheinstra\u00dfe 3<br>56281 Karbach<br><br>Tel.:&nbsp;+49 (0) 6747 944 66 0<br>Fax:&nbsp;+49 (0) 6747 944 66 66<br><a href=\"mailto:info@planungsbuero-muster.de\">E-Mail schreiben<\/a><a href=\"mailto:info@planungsbuero-muster.de\"><br><\/a><br>Eintrag Architektenliste der Architektenkammer Rheinland-Pfalz: AK 16166<\/p>\n\n\n\n<h4 class=\"wp-block-heading\">Zust\u00e4ndige Kammer<\/h4>\n\n\n\n<p>Architektenkammer Rheinland-Pfalz, Hindenburgplatz 6, 55118 Mainz<\/p>\n\n\n\n<h4 class=\"wp-block-heading\">Berufsbezeichnung<\/h4>\n\n\n\n<p>Architekt (verliehen in der Bundesrepublik Deutschland) nach Architektengesetz Rheinland-Pfalz (ArchG)<\/p>\n\n\n\n<h4 class=\"wp-block-heading\">Berufsrechtliche Regelungen<\/h4>\n\n\n\n<p>Satzung \u00fcber eine Berufsordnung der Architektenkammer Rheinland-Pfalz&nbsp;<a href=\"http:\/\/www.diearchitekten.org\/\" target=\"_blank\" rel=\"noreferrer noopener\">www.diearchitekten.org<\/a><\/p>\n\n\n\n<h4 class=\"wp-block-heading\">UStIDNr.<\/h4>\n\n\n\n<p>DE 205253477<\/p>\n\n\n\n<h4 class=\"wp-block-heading\">Inhaltlich Verantwortlicher<\/h4>\n\n\n\n<p>Andreas Muster<\/p>\n\n\n\n<p><\/p>\n\n\n\n<h4 class=\"wp-block-heading\">Bildnachweis<\/h4>\n\n\n\n<p><a href=\"http:\/\/deutsch.istockphoto.com\/stock-photo-18610926-pedestrians-walking-in-modern-interior.php?st=f6da5d4\" target=\"_blank\" rel=\"noreferrer noopener\">Bim<\/a>&nbsp;&#8211; istockphoto.com<\/p>\n\n\n\n<h4 class=\"wp-block-heading\">Online-Streitbeilegung<\/h4>\n\n\n\n<p>Online-Streitbeilegung gem\u00e4\u00df Art. 14 Abs. 1 ODR-VO: Die Europ\u00e4ische Kommission stellt eine Plattform zur Online-Streitbeilegung (OS) bereit, die Sie hier finden&nbsp;&nbsp;<a href=\"http:\/\/ec.europa.eu\/consumers\/odr\/\" target=\"_blank\" rel=\"noreferrer noopener\">http:\/\/ec.europa.eu\/consumers\/odr\/<\/a>&nbsp;.<\/p>\n\n\n\n<h4 class=\"wp-block-heading\">Haftungshinweis<\/h4>\n\n\n\n<p>Trotz sorgf\u00e4ltiger inhaltlicher Kontrolle \u00fcbernehmen wir keine Haftung f\u00fcr die Inhalte externer Links. F\u00fcr den Inhalt der verlinkten Seiten sind ausschlie\u00dflich deren Betreiber verantwortlich.<\/p>\n","protected":false},"excerpt":{"rendered":"<p>Herausgeber Planungsb\u00fcro MusterRheinstra\u00dfe 356281 Karbach Tel.:&nbsp;+49 (0) 6747 944 66 0Fax:&nbsp;+49 (0) 6747 944 66 66E-Mail schreibenEintrag Architektenliste der Architektenkammer Rheinland-Pfalz: AK 16166 Zust\u00e4ndige Kammer Architektenkammer Rheinland-Pfalz, Hindenburgplatz 6, 55118 Mainz Berufsbezeichnung Architekt (verliehen in der Bundesrepublik Deutschland) nach Architektengesetz Rheinland-Pfalz (ArchG) Berufsrechtliche Regelungen Satzung \u00fcber eine Berufsordnung der Architektenkammer Rheinland-Pfalz&nbsp;www.diearchitekten.org UStIDNr. DE 205253477 Inhaltlich [&hellip;]<\/p>\n","protected":false},"author":1,"featured_media":0,"parent":0,"menu_order":0,"comment_status":"closed","ping_status":"closed","template":"","meta":{"footnotes":""},"class_list":["post-9","page","type-page","status-publish","hentry"],"yoast_head":"<!-- This site is optimized with the Yoast SEO plugin v27.5 - https:\/\/yoast.com\/product\/yoast-seo-wordpress\/ -->\n<title>Impressum - Planungsb\u00fcro Muster<\/title>\n<meta name=\"robots\" content=\"index, follow, max-snippet:-1, max-image-preview:large, max-video-preview:-1\" \/>\n<link rel=\"canonical\" href=\"https:\/\/planungsbuero-muster.de\/index.php\/impressum\/\" \/>\n<meta property=\"og:locale\" content=\"de_DE\" \/>\n<meta property=\"og:type\" content=\"article\" \/>\n<meta property=\"og:title\" content=\"Impressum - Planungsb\u00fcro Muster\" \/>\n<meta property=\"og:description\" content=\"Herausgeber Planungsb\u00fcro MusterRheinstra\u00dfe 356281 Karbach Tel.:&nbsp;+49 (0) 6747 944 66 0Fax:&nbsp;+49 (0) 6747 944 66 66E-Mail schreibenEintrag Architektenliste der Architektenkammer Rheinland-Pfalz: AK 16166 Zust\u00e4ndige Kammer Architektenkammer Rheinland-Pfalz, Hindenburgplatz 6, 55118 Mainz Berufsbezeichnung Architekt (verliehen in der Bundesrepublik Deutschland) nach Architektengesetz Rheinland-Pfalz (ArchG) Berufsrechtliche Regelungen Satzung \u00fcber eine Berufsordnung der Architektenkammer Rheinland-Pfalz&nbsp;www.diearchitekten.org UStIDNr. DE 205253477 Inhaltlich [&hellip;]\" \/>\n<meta property=\"og:url\" content=\"https:\/\/planungsbuero-muster.de\/index.php\/impressum\/\" \/>\n<meta property=\"og:site_name\" content=\"Planungsb\u00fcro Muster\" \/>\n<meta property=\"article:modified_time\" content=\"2025-02-24T17:42:04+00:00\" \/>\n<meta name=\"twitter:card\" content=\"summary_large_image\" \/>\n<meta name=\"twitter:label1\" content=\"Gesch\u00e4tzte Lesezeit\" \/>\n\t<meta name=\"twitter:data1\" content=\"1\u00a0Minute\" \/>\n<script type=\"application\/ld+json\" class=\"yoast-schema-graph\">{\"@context\":\"https:\\\/\\\/schema.org\",\"@graph\":[{\"@type\":\"WebPage\",\"@id\":\"https:\\\/\\\/planungsbuero-muster.de\\\/index.php\\\/impressum\\\/\",\"url\":\"https:\\\/\\\/planungsbuero-muster.de\\\/index.php\\\/impressum\\\/\",\"name\":\"Impressum - Planungsb\u00fcro Muster\",\"isPartOf\":{\"@id\":\"https:\\\/\\\/planungsbuero-muster.de\\\/#website\"},\"datePublished\":\"2025-02-21T13:18:12+00:00\",\"dateModified\":\"2025-02-24T17:42:04+00:00\",\"breadcrumb\":{\"@id\":\"https:\\\/\\\/planungsbuero-muster.de\\\/index.php\\\/impressum\\\/#breadcrumb\"},\"inLanguage\":\"de\",\"potentialAction\":[{\"@type\":\"ReadAction\",\"target\":[\"https:\\\/\\\/planungsbuero-muster.de\\\/index.php\\\/impressum\\\/\"]}]},{\"@type\":\"BreadcrumbList\",\"@id\":\"https:\\\/\\\/planungsbuero-muster.de\\\/index.php\\\/impressum\\\/#breadcrumb\",\"itemListElement\":[{\"@type\":\"ListItem\",\"position\":1,\"name\":\"Startseite\",\"item\":\"https:\\\/\\\/planungsbuero-muster.de\\\/\"},{\"@type\":\"ListItem\",\"position\":2,\"name\":\"Impressum\"}]},{\"@type\":\"WebSite\",\"@id\":\"https:\\\/\\\/planungsbuero-muster.de\\\/#website\",\"url\":\"https:\\\/\\\/planungsbuero-muster.de\\\/\",\"name\":\"Planungsb\u00fcro Muster\",\"description\":\"\",\"publisher\":{\"@id\":\"https:\\\/\\\/planungsbuero-muster.de\\\/#organization\"},\"potentialAction\":[{\"@type\":\"SearchAction\",\"target\":{\"@type\":\"EntryPoint\",\"urlTemplate\":\"https:\\\/\\\/planungsbuero-muster.de\\\/?s={search_term_string}\"},\"query-input\":{\"@type\":\"PropertyValueSpecification\",\"valueRequired\":true,\"valueName\":\"search_term_string\"}}],\"inLanguage\":\"de\"},{\"@type\":\"Organization\",\"@id\":\"https:\\\/\\\/planungsbuero-muster.de\\\/#organization\",\"name\":\"Planungsb\u00fcro Muster\",\"url\":\"https:\\\/\\\/planungsbuero-muster.de\\\/\",\"logo\":{\"@type\":\"ImageObject\",\"inLanguage\":\"de\",\"@id\":\"https:\\\/\\\/planungsbuero-muster.de\\\/#\\\/schema\\\/logo\\\/image\\\/\",\"url\":\"https:\\\/\\\/planungsbuero-muster.de\\\/wp-content\\\/uploads\\\/2025\\\/02\\\/cropped-logo-1.png\",\"contentUrl\":\"https:\\\/\\\/planungsbuero-muster.de\\\/wp-content\\\/uploads\\\/2025\\\/02\\\/cropped-logo-1.png\",\"width\":115,\"height\":115,\"caption\":\"Planungsb\u00fcro Muster\"},\"image\":{\"@id\":\"https:\\\/\\\/planungsbuero-muster.de\\\/#\\\/schema\\\/logo\\\/image\\\/\"}}]}<\/script>\n<!-- \/ Yoast SEO plugin. -->","yoast_head_json":{"title":"Impressum - Planungsb\u00fcro Muster","robots":{"index":"index","follow":"follow","max-snippet":"max-snippet:-1","max-image-preview":"max-image-preview:large","max-video-preview":"max-video-preview:-1"},"canonical":"https:\/\/planungsbuero-muster.de\/index.php\/impressum\/","og_locale":"de_DE","og_type":"article","og_title":"Impressum - Planungsb\u00fcro Muster","og_description":"Herausgeber Planungsb\u00fcro MusterRheinstra\u00dfe 356281 Karbach Tel.:&nbsp;+49 (0) 6747 944 66 0Fax:&nbsp;+49 (0) 6747 944 66 66E-Mail schreibenEintrag Architektenliste der Architektenkammer Rheinland-Pfalz: AK 16166 Zust\u00e4ndige Kammer Architektenkammer Rheinland-Pfalz, Hindenburgplatz 6, 55118 Mainz Berufsbezeichnung Architekt (verliehen in der Bundesrepublik Deutschland) nach Architektengesetz Rheinland-Pfalz (ArchG) Berufsrechtliche Regelungen Satzung \u00fcber eine Berufsordnung der Architektenkammer Rheinland-Pfalz&nbsp;www.diearchitekten.org UStIDNr. DE 205253477 Inhaltlich [&hellip;]","og_url":"https:\/\/planungsbuero-muster.de\/index.php\/impressum\/","og_site_name":"Planungsb\u00fcro Muster","article_modified_time":"2025-02-24T17:42:04+00:00","twitter_card":"summary_large_image","twitter_misc":{"Gesch\u00e4tzte Lesezeit":"1\u00a0Minute"},"schema":{"@context":"https:\/\/schema.org","@graph":[{"@type":"WebPage","@id":"https:\/\/planungsbuero-muster.de\/index.php\/impressum\/","url":"https:\/\/planungsbuero-muster.de\/index.php\/impressum\/","name":"Impressum - Planungsb\u00fcro Muster","isPartOf":{"@id":"https:\/\/planungsbuero-muster.de\/#website"},"datePublished":"2025-02-21T13:18:12+00:00","dateModified":"2025-02-24T17:42:04+00:00","breadcrumb":{"@id":"https:\/\/planungsbuero-muster.de\/index.php\/impressum\/#breadcrumb"},"inLanguage":"de","potentialAction":[{"@type":"ReadAction","target":["https:\/\/planungsbuero-muster.de\/index.php\/impressum\/"]}]},{"@type":"BreadcrumbList","@id":"https:\/\/planungsbuero-muster.de\/index.php\/impressum\/#breadcrumb","itemListElement":[{"@type":"ListItem","position":1,"name":"Startseite","item":"https:\/\/planungsbuero-muster.de\/"},{"@type":"ListItem","position":2,"name":"Impressum"}]},{"@type":"WebSite","@id":"https:\/\/planungsbuero-muster.de\/#website","url":"https:\/\/planungsbuero-muster.de\/","name":"Planungsb\u00fcro Muster","description":"","publisher":{"@id":"https:\/\/planungsbuero-muster.de\/#organization"},"potentialAction":[{"@type":"SearchAction","target":{"@type":"EntryPoint","urlTemplate":"https:\/\/planungsbuero-muster.de\/?s={search_term_string}"},"query-input":{"@type":"PropertyValueSpecification","valueRequired":true,"valueName":"search_term_string"}}],"inLanguage":"de"},{"@type":"Organization","@id":"https:\/\/planungsbuero-muster.de\/#organization","name":"Planungsb\u00fcro Muster","url":"https:\/\/planungsbuero-muster.de\/","logo":{"@type":"ImageObject","inLanguage":"de","@id":"https:\/\/planungsbuero-muster.de\/#\/schema\/logo\/image\/","url":"https:\/\/planungsbuero-muster.de\/wp-content\/uploads\/2025\/02\/cropped-logo-1.png","contentUrl":"https:\/\/planungsbuero-muster.de\/wp-content\/uploads\/2025\/02\/cropped-logo-1.png","width":115,"height":115,"caption":"Planungsb\u00fcro Muster"},"image":{"@id":"https:\/\/planungsbuero-muster.de\/#\/schema\/logo\/image\/"}}]}},"jetpack_sharing_enabled":true,"_links":{"self":[{"href":"https:\/\/planungsbuero-muster.de\/index.php\/wp-json\/wp\/v2\/pages\/9","targetHints":{"allow":["GET"]}}],"collection":[{"href":"https:\/\/planungsbuero-muster.de\/index.php\/wp-json\/wp\/v2\/pages"}],"about":[{"href":"https:\/\/planungsbuero-muster.de\/index.php\/wp-json\/wp\/v2\/types\/page"}],"author":[{"embeddable":true,"href":"https:\/\/planungsbuero-muster.de\/index.php\/wp-json\/wp\/v2\/users\/1"}],"replies":[{"embeddable":true,"href":"https:\/\/planungsbuero-muster.de\/index.php\/wp-json\/wp\/v2\/comments?post=9"}],"version-history":[{"count":2,"href":"https:\/\/planungsbuero-muster.de\/index.php\/wp-json\/wp\/v2\/pages\/9\/revisions"}],"predecessor-version":[{"id":381,"href":"https:\/\/planungsbuero-muster.de\/index.php\/wp-json\/wp\/v2\/pages\/9\/revisions\/381"}],"wp:attachment":[{"href":"https:\/\/planungsbuero-muster.de\/index.php\/wp-json\/wp\/v2\/media?parent=9"}],"curies":[{"name":"wp","href":"https:\/\/api.w.org\/{rel}","templated":true}]}}