{"id":48,"date":"2025-02-21T13:32:00","date_gmt":"2025-02-21T13:32:00","guid":{"rendered":"https:\/\/planungsbuero-muster.de\/?page_id=48"},"modified":"2025-02-24T19:59:26","modified_gmt":"2025-02-24T18:59:26","slug":"verwaltungs-und-buerogebaeude-bauen","status":"publish","type":"page","link":"https:\/\/planungsbuero-muster.de\/index.php\/verwaltungs-und-buerogebaeude-bauen\/","title":{"rendered":"Verwaltungs- und B\u00fcrogeb\u00e4ude"},"content":{"rendered":"\n<p>Wie effizient die H\u00fclle ist, das entscheidet die Planung. Auch bei einem Landwirtschaftsbetrieb oder Weinkellerei. Deshalb sagen wir auch mal Nein. Damit Sie dort investieren, wo es wichtig ist. Und sparen, wo Sie es mit gutem Gewissen tun k\u00f6nnen.<\/p>\n\n\n<div class=\"wp-block-image\">\n<figure class=\"aligncenter size-large\"><img loading=\"lazy\" decoding=\"async\" width=\"1024\" height=\"508\" src=\"https:\/\/planungsbuero-muster.de\/wp-content\/uploads\/2025\/02\/bauleistungen-architekturbuero-muster-1024x508.jpg\" alt=\"\" class=\"wp-image-19\" srcset=\"https:\/\/planungsbuero-muster.de\/wp-content\/uploads\/2025\/02\/bauleistungen-architekturbuero-muster-1024x508.jpg 1024w, https:\/\/planungsbuero-muster.de\/wp-content\/uploads\/2025\/02\/bauleistungen-architekturbuero-muster-300x149.jpg 300w, https:\/\/planungsbuero-muster.de\/wp-content\/uploads\/2025\/02\/bauleistungen-architekturbuero-muster-768x381.jpg 768w, https:\/\/planungsbuero-muster.de\/wp-content\/uploads\/2025\/02\/bauleistungen-architekturbuero-muster.jpg 1170w\" sizes=\"auto, (max-width: 1024px) 100vw, 1024px\" \/><\/figure>\n<\/div>","protected":false},"excerpt":{"rendered":"<p>Wie effizient die H\u00fclle ist, das entscheidet die Planung. Auch bei einem Landwirtschaftsbetrieb oder Weinkellerei. Deshalb sagen wir auch mal Nein. Damit Sie dort investieren, wo es wichtig ist. Und sparen, wo Sie es mit gutem Gewissen tun k\u00f6nnen.<\/p>\n","protected":false},"author":1,"featured_media":31,"parent":0,"menu_order":0,"comment_status":"closed","ping_status":"closed","template":"","meta":{"footnotes":""},"class_list":["post-48","page","type-page","status-publish","has-post-thumbnail","hentry"],"yoast_head":"<!-- This site is optimized with the Yoast SEO plugin v27.5 - https:\/\/yoast.com\/product\/yoast-seo-wordpress\/ -->\n<title>Verwaltungs- und B\u00fcrogeb\u00e4ude - Planungsb\u00fcro Muster<\/title>\n<meta name=\"robots\" content=\"index, follow, max-snippet:-1, max-image-preview:large, max-video-preview:-1\" \/>\n<link rel=\"canonical\" href=\"https:\/\/planungsbuero-muster.de\/index.php\/verwaltungs-und-buerogebaeude-bauen\/\" \/>\n<meta property=\"og:locale\" content=\"de_DE\" \/>\n<meta property=\"og:type\" content=\"article\" \/>\n<meta property=\"og:title\" content=\"Verwaltungs- und B\u00fcrogeb\u00e4ude - Planungsb\u00fcro Muster\" \/>\n<meta property=\"og:description\" content=\"Wie effizient die H\u00fclle ist, das entscheidet die Planung. Auch bei einem Landwirtschaftsbetrieb oder Weinkellerei. Deshalb sagen wir auch mal Nein. Damit Sie dort investieren, wo es wichtig ist. Und sparen, wo Sie es mit gutem Gewissen tun k\u00f6nnen.\" \/>\n<meta property=\"og:url\" content=\"https:\/\/planungsbuero-muster.de\/index.php\/verwaltungs-und-buerogebaeude-bauen\/\" \/>\n<meta property=\"og:site_name\" content=\"Planungsb\u00fcro Muster\" \/>\n<meta property=\"article:modified_time\" content=\"2025-02-24T18:59:26+00:00\" \/>\n<meta property=\"og:image\" content=\"https:\/\/planungsbuero-muster.de\/wp-content\/uploads\/2025\/02\/planungsbuero-muster-architektur.jpg\" \/>\n\t<meta property=\"og:image:width\" content=\"1170\" \/>\n\t<meta property=\"og:image:height\" content=\"580\" \/>\n\t<meta property=\"og:image:type\" content=\"image\/jpeg\" \/>\n<meta name=\"twitter:card\" content=\"summary_large_image\" \/>\n<meta name=\"twitter:label1\" content=\"Gesch\u00e4tzte Lesezeit\" \/>\n\t<meta name=\"twitter:data1\" content=\"1\u00a0Minute\" \/>\n<script type=\"application\/ld+json\" class=\"yoast-schema-graph\">{\"@context\":\"https:\\\/\\\/schema.org\",\"@graph\":[{\"@type\":\"WebPage\",\"@id\":\"https:\\\/\\\/planungsbuero-muster.de\\\/index.php\\\/verwaltungs-und-buerogebaeude-bauen\\\/\",\"url\":\"https:\\\/\\\/planungsbuero-muster.de\\\/index.php\\\/verwaltungs-und-buerogebaeude-bauen\\\/\",\"name\":\"Verwaltungs- und B\u00fcrogeb\u00e4ude - Planungsb\u00fcro Muster\",\"isPartOf\":{\"@id\":\"https:\\\/\\\/planungsbuero-muster.de\\\/#website\"},\"primaryImageOfPage\":{\"@id\":\"https:\\\/\\\/planungsbuero-muster.de\\\/index.php\\\/verwaltungs-und-buerogebaeude-bauen\\\/#primaryimage\"},\"image\":{\"@id\":\"https:\\\/\\\/planungsbuero-muster.de\\\/index.php\\\/verwaltungs-und-buerogebaeude-bauen\\\/#primaryimage\"},\"thumbnailUrl\":\"https:\\\/\\\/planungsbuero-muster.de\\\/wp-content\\\/uploads\\\/2025\\\/02\\\/planungsbuero-muster-architektur.jpg\",\"datePublished\":\"2025-02-21T13:32:00+00:00\",\"dateModified\":\"2025-02-24T18:59:26+00:00\",\"breadcrumb\":{\"@id\":\"https:\\\/\\\/planungsbuero-muster.de\\\/index.php\\\/verwaltungs-und-buerogebaeude-bauen\\\/#breadcrumb\"},\"inLanguage\":\"de\",\"potentialAction\":[{\"@type\":\"ReadAction\",\"target\":[\"https:\\\/\\\/planungsbuero-muster.de\\\/index.php\\\/verwaltungs-und-buerogebaeude-bauen\\\/\"]}]},{\"@type\":\"ImageObject\",\"inLanguage\":\"de\",\"@id\":\"https:\\\/\\\/planungsbuero-muster.de\\\/index.php\\\/verwaltungs-und-buerogebaeude-bauen\\\/#primaryimage\",\"url\":\"https:\\\/\\\/planungsbuero-muster.de\\\/wp-content\\\/uploads\\\/2025\\\/02\\\/planungsbuero-muster-architektur.jpg\",\"contentUrl\":\"https:\\\/\\\/planungsbuero-muster.de\\\/wp-content\\\/uploads\\\/2025\\\/02\\\/planungsbuero-muster-architektur.jpg\",\"width\":1170,\"height\":580},{\"@type\":\"BreadcrumbList\",\"@id\":\"https:\\\/\\\/planungsbuero-muster.de\\\/index.php\\\/verwaltungs-und-buerogebaeude-bauen\\\/#breadcrumb\",\"itemListElement\":[{\"@type\":\"ListItem\",\"position\":1,\"name\":\"Startseite\",\"item\":\"https:\\\/\\\/planungsbuero-muster.de\\\/\"},{\"@type\":\"ListItem\",\"position\":2,\"name\":\"Verwaltungs- und B\u00fcrogeb\u00e4ude\"}]},{\"@type\":\"WebSite\",\"@id\":\"https:\\\/\\\/planungsbuero-muster.de\\\/#website\",\"url\":\"https:\\\/\\\/planungsbuero-muster.de\\\/\",\"name\":\"Planungsb\u00fcro Muster\",\"description\":\"\",\"publisher\":{\"@id\":\"https:\\\/\\\/planungsbuero-muster.de\\\/#organization\"},\"potentialAction\":[{\"@type\":\"SearchAction\",\"target\":{\"@type\":\"EntryPoint\",\"urlTemplate\":\"https:\\\/\\\/planungsbuero-muster.de\\\/?s={search_term_string}\"},\"query-input\":{\"@type\":\"PropertyValueSpecification\",\"valueRequired\":true,\"valueName\":\"search_term_string\"}}],\"inLanguage\":\"de\"},{\"@type\":\"Organization\",\"@id\":\"https:\\\/\\\/planungsbuero-muster.de\\\/#organization\",\"name\":\"Planungsb\u00fcro Muster\",\"url\":\"https:\\\/\\\/planungsbuero-muster.de\\\/\",\"logo\":{\"@type\":\"ImageObject\",\"inLanguage\":\"de\",\"@id\":\"https:\\\/\\\/planungsbuero-muster.de\\\/#\\\/schema\\\/logo\\\/image\\\/\",\"url\":\"https:\\\/\\\/planungsbuero-muster.de\\\/wp-content\\\/uploads\\\/2025\\\/02\\\/cropped-logo-1.png\",\"contentUrl\":\"https:\\\/\\\/planungsbuero-muster.de\\\/wp-content\\\/uploads\\\/2025\\\/02\\\/cropped-logo-1.png\",\"width\":115,\"height\":115,\"caption\":\"Planungsb\u00fcro Muster\"},\"image\":{\"@id\":\"https:\\\/\\\/planungsbuero-muster.de\\\/#\\\/schema\\\/logo\\\/image\\\/\"}}]}<\/script>\n<!-- \/ Yoast SEO plugin. -->","yoast_head_json":{"title":"Verwaltungs- und B\u00fcrogeb\u00e4ude - Planungsb\u00fcro Muster","robots":{"index":"index","follow":"follow","max-snippet":"max-snippet:-1","max-image-preview":"max-image-preview:large","max-video-preview":"max-video-preview:-1"},"canonical":"https:\/\/planungsbuero-muster.de\/index.php\/verwaltungs-und-buerogebaeude-bauen\/","og_locale":"de_DE","og_type":"article","og_title":"Verwaltungs- und B\u00fcrogeb\u00e4ude - Planungsb\u00fcro Muster","og_description":"Wie effizient die H\u00fclle ist, das entscheidet die Planung. Auch bei einem Landwirtschaftsbetrieb oder Weinkellerei. Deshalb sagen wir auch mal Nein. Damit Sie dort investieren, wo es wichtig ist. Und sparen, wo Sie es mit gutem Gewissen tun k\u00f6nnen.","og_url":"https:\/\/planungsbuero-muster.de\/index.php\/verwaltungs-und-buerogebaeude-bauen\/","og_site_name":"Planungsb\u00fcro Muster","article_modified_time":"2025-02-24T18:59:26+00:00","og_image":[{"width":1170,"height":580,"url":"https:\/\/planungsbuero-muster.de\/wp-content\/uploads\/2025\/02\/planungsbuero-muster-architektur.jpg","type":"image\/jpeg"}],"twitter_card":"summary_large_image","twitter_misc":{"Gesch\u00e4tzte Lesezeit":"1\u00a0Minute"},"schema":{"@context":"https:\/\/schema.org","@graph":[{"@type":"WebPage","@id":"https:\/\/planungsbuero-muster.de\/index.php\/verwaltungs-und-buerogebaeude-bauen\/","url":"https:\/\/planungsbuero-muster.de\/index.php\/verwaltungs-und-buerogebaeude-bauen\/","name":"Verwaltungs- und B\u00fcrogeb\u00e4ude - Planungsb\u00fcro Muster","isPartOf":{"@id":"https:\/\/planungsbuero-muster.de\/#website"},"primaryImageOfPage":{"@id":"https:\/\/planungsbuero-muster.de\/index.php\/verwaltungs-und-buerogebaeude-bauen\/#primaryimage"},"image":{"@id":"https:\/\/planungsbuero-muster.de\/index.php\/verwaltungs-und-buerogebaeude-bauen\/#primaryimage"},"thumbnailUrl":"https:\/\/planungsbuero-muster.de\/wp-content\/uploads\/2025\/02\/planungsbuero-muster-architektur.jpg","datePublished":"2025-02-21T13:32:00+00:00","dateModified":"2025-02-24T18:59:26+00:00","breadcrumb":{"@id":"https:\/\/planungsbuero-muster.de\/index.php\/verwaltungs-und-buerogebaeude-bauen\/#breadcrumb"},"inLanguage":"de","potentialAction":[{"@type":"ReadAction","target":["https:\/\/planungsbuero-muster.de\/index.php\/verwaltungs-und-buerogebaeude-bauen\/"]}]},{"@type":"ImageObject","inLanguage":"de","@id":"https:\/\/planungsbuero-muster.de\/index.php\/verwaltungs-und-buerogebaeude-bauen\/#primaryimage","url":"https:\/\/planungsbuero-muster.de\/wp-content\/uploads\/2025\/02\/planungsbuero-muster-architektur.jpg","contentUrl":"https:\/\/planungsbuero-muster.de\/wp-content\/uploads\/2025\/02\/planungsbuero-muster-architektur.jpg","width":1170,"height":580},{"@type":"BreadcrumbList","@id":"https:\/\/planungsbuero-muster.de\/index.php\/verwaltungs-und-buerogebaeude-bauen\/#breadcrumb","itemListElement":[{"@type":"ListItem","position":1,"name":"Startseite","item":"https:\/\/planungsbuero-muster.de\/"},{"@type":"ListItem","position":2,"name":"Verwaltungs- und B\u00fcrogeb\u00e4ude"}]},{"@type":"WebSite","@id":"https:\/\/planungsbuero-muster.de\/#website","url":"https:\/\/planungsbuero-muster.de\/","name":"Planungsb\u00fcro Muster","description":"","publisher":{"@id":"https:\/\/planungsbuero-muster.de\/#organization"},"potentialAction":[{"@type":"SearchAction","target":{"@type":"EntryPoint","urlTemplate":"https:\/\/planungsbuero-muster.de\/?s={search_term_string}"},"query-input":{"@type":"PropertyValueSpecification","valueRequired":true,"valueName":"search_term_string"}}],"inLanguage":"de"},{"@type":"Organization","@id":"https:\/\/planungsbuero-muster.de\/#organization","name":"Planungsb\u00fcro Muster","url":"https:\/\/planungsbuero-muster.de\/","logo":{"@type":"ImageObject","inLanguage":"de","@id":"https:\/\/planungsbuero-muster.de\/#\/schema\/logo\/image\/","url":"https:\/\/planungsbuero-muster.de\/wp-content\/uploads\/2025\/02\/cropped-logo-1.png","contentUrl":"https:\/\/planungsbuero-muster.de\/wp-content\/uploads\/2025\/02\/cropped-logo-1.png","width":115,"height":115,"caption":"Planungsb\u00fcro Muster"},"image":{"@id":"https:\/\/planungsbuero-muster.de\/#\/schema\/logo\/image\/"}}]}},"jetpack_sharing_enabled":true,"_links":{"self":[{"href":"https:\/\/planungsbuero-muster.de\/index.php\/wp-json\/wp\/v2\/pages\/48","targetHints":{"allow":["GET"]}}],"collection":[{"href":"https:\/\/planungsbuero-muster.de\/index.php\/wp-json\/wp\/v2\/pages"}],"about":[{"href":"https:\/\/planungsbuero-muster.de\/index.php\/wp-json\/wp\/v2\/types\/page"}],"author":[{"embeddable":true,"href":"https:\/\/planungsbuero-muster.de\/index.php\/wp-json\/wp\/v2\/users\/1"}],"replies":[{"embeddable":true,"href":"https:\/\/planungsbuero-muster.de\/index.php\/wp-json\/wp\/v2\/comments?post=48"}],"version-history":[{"count":5,"href":"https:\/\/planungsbuero-muster.de\/index.php\/wp-json\/wp\/v2\/pages\/48\/revisions"}],"predecessor-version":[{"id":468,"href":"https:\/\/planungsbuero-muster.de\/index.php\/wp-json\/wp\/v2\/pages\/48\/revisions\/468"}],"wp:featuredmedia":[{"embeddable":true,"href":"https:\/\/planungsbuero-muster.de\/index.php\/wp-json\/wp\/v2\/media\/31"}],"wp:attachment":[{"href":"https:\/\/planungsbuero-muster.de\/index.php\/wp-json\/wp\/v2\/media?parent=48"}],"curies":[{"name":"wp","href":"https:\/\/api.w.org\/{rel}","templated":true}]}}