{"id":36,"date":"2025-02-21T13:29:08","date_gmt":"2025-02-21T13:29:08","guid":{"rendered":"https:\/\/planungsbuero-muster.de\/?page_id=36"},"modified":"2025-02-24T19:50:31","modified_gmt":"2025-02-24T18:50:31","slug":"fachmaerkte-und-dienstleistungsstaetten","status":"publish","type":"page","link":"https:\/\/planungsbuero-muster.de\/index.php\/fachmaerkte-und-dienstleistungsstaetten\/","title":{"rendered":"Fachm\u00e4rkte und Dienstleistungsst\u00e4tten"},"content":{"rendered":"\n<p>Was ist Ihnen wichtig? Heute und in 10 Jahren? Wir denken im Sinne unserer Kunden und wir denken voraus. Auch im Bereich Logistik- und Speditionsanlagen. Damit Sie beispielsweise heute so planen und bauen, dass Sie auch in 10 Jahren alle M\u00f6glichkeiten offen haben.<\/p>\n","protected":false},"excerpt":{"rendered":"<p>Was ist Ihnen wichtig? Heute und in 10 Jahren? Wir denken im Sinne unserer Kunden und wir denken voraus. Auch im Bereich Logistik- und Speditionsanlagen. Damit Sie beispielsweise heute so planen und bauen, dass Sie auch in 10 Jahren alle M\u00f6glichkeiten offen haben.<\/p>\n","protected":false},"author":1,"featured_media":0,"parent":0,"menu_order":0,"comment_status":"closed","ping_status":"closed","template":"","meta":{"footnotes":""},"class_list":["post-36","page","type-page","status-publish","hentry"],"yoast_head":"<!-- This site is optimized with the Yoast SEO plugin v27.5 - https:\/\/yoast.com\/product\/yoast-seo-wordpress\/ -->\n<title>Fachm\u00e4rkte und Dienstleistungsst\u00e4tten - Planungsb\u00fcro Muster<\/title>\n<meta name=\"robots\" content=\"index, follow, max-snippet:-1, max-image-preview:large, max-video-preview:-1\" \/>\n<link rel=\"canonical\" href=\"https:\/\/planungsbuero-muster.de\/index.php\/fachmaerkte-und-dienstleistungsstaetten\/\" \/>\n<meta property=\"og:locale\" content=\"de_DE\" \/>\n<meta property=\"og:type\" content=\"article\" \/>\n<meta property=\"og:title\" content=\"Fachm\u00e4rkte und Dienstleistungsst\u00e4tten - Planungsb\u00fcro Muster\" \/>\n<meta property=\"og:description\" content=\"Was ist Ihnen wichtig? Heute und in 10 Jahren? Wir denken im Sinne unserer Kunden und wir denken voraus. Auch im Bereich Logistik- und Speditionsanlagen. Damit Sie beispielsweise heute so planen und bauen, dass Sie auch in 10 Jahren alle M\u00f6glichkeiten offen haben.\" \/>\n<meta property=\"og:url\" content=\"https:\/\/planungsbuero-muster.de\/index.php\/fachmaerkte-und-dienstleistungsstaetten\/\" \/>\n<meta property=\"og:site_name\" content=\"Planungsb\u00fcro Muster\" \/>\n<meta property=\"article:modified_time\" content=\"2025-02-24T18:50:31+00:00\" \/>\n<meta name=\"twitter:card\" content=\"summary_large_image\" \/>\n<meta name=\"twitter:label1\" content=\"Gesch\u00e4tzte Lesezeit\" \/>\n\t<meta name=\"twitter:data1\" content=\"1\u00a0Minute\" \/>\n<script type=\"application\/ld+json\" class=\"yoast-schema-graph\">{\"@context\":\"https:\\\/\\\/schema.org\",\"@graph\":[{\"@type\":\"WebPage\",\"@id\":\"https:\\\/\\\/planungsbuero-muster.de\\\/index.php\\\/fachmaerkte-und-dienstleistungsstaetten\\\/\",\"url\":\"https:\\\/\\\/planungsbuero-muster.de\\\/index.php\\\/fachmaerkte-und-dienstleistungsstaetten\\\/\",\"name\":\"Fachm\u00e4rkte und Dienstleistungsst\u00e4tten - Planungsb\u00fcro Muster\",\"isPartOf\":{\"@id\":\"https:\\\/\\\/planungsbuero-muster.de\\\/#website\"},\"datePublished\":\"2025-02-21T13:29:08+00:00\",\"dateModified\":\"2025-02-24T18:50:31+00:00\",\"breadcrumb\":{\"@id\":\"https:\\\/\\\/planungsbuero-muster.de\\\/index.php\\\/fachmaerkte-und-dienstleistungsstaetten\\\/#breadcrumb\"},\"inLanguage\":\"de\",\"potentialAction\":[{\"@type\":\"ReadAction\",\"target\":[\"https:\\\/\\\/planungsbuero-muster.de\\\/index.php\\\/fachmaerkte-und-dienstleistungsstaetten\\\/\"]}]},{\"@type\":\"BreadcrumbList\",\"@id\":\"https:\\\/\\\/planungsbuero-muster.de\\\/index.php\\\/fachmaerkte-und-dienstleistungsstaetten\\\/#breadcrumb\",\"itemListElement\":[{\"@type\":\"ListItem\",\"position\":1,\"name\":\"Startseite\",\"item\":\"https:\\\/\\\/planungsbuero-muster.de\\\/\"},{\"@type\":\"ListItem\",\"position\":2,\"name\":\"Fachm\u00e4rkte und Dienstleistungsst\u00e4tten\"}]},{\"@type\":\"WebSite\",\"@id\":\"https:\\\/\\\/planungsbuero-muster.de\\\/#website\",\"url\":\"https:\\\/\\\/planungsbuero-muster.de\\\/\",\"name\":\"Planungsb\u00fcro Muster\",\"description\":\"\",\"publisher\":{\"@id\":\"https:\\\/\\\/planungsbuero-muster.de\\\/#organization\"},\"potentialAction\":[{\"@type\":\"SearchAction\",\"target\":{\"@type\":\"EntryPoint\",\"urlTemplate\":\"https:\\\/\\\/planungsbuero-muster.de\\\/?s={search_term_string}\"},\"query-input\":{\"@type\":\"PropertyValueSpecification\",\"valueRequired\":true,\"valueName\":\"search_term_string\"}}],\"inLanguage\":\"de\"},{\"@type\":\"Organization\",\"@id\":\"https:\\\/\\\/planungsbuero-muster.de\\\/#organization\",\"name\":\"Planungsb\u00fcro Muster\",\"url\":\"https:\\\/\\\/planungsbuero-muster.de\\\/\",\"logo\":{\"@type\":\"ImageObject\",\"inLanguage\":\"de\",\"@id\":\"https:\\\/\\\/planungsbuero-muster.de\\\/#\\\/schema\\\/logo\\\/image\\\/\",\"url\":\"https:\\\/\\\/planungsbuero-muster.de\\\/wp-content\\\/uploads\\\/2025\\\/02\\\/cropped-logo-1.png\",\"contentUrl\":\"https:\\\/\\\/planungsbuero-muster.de\\\/wp-content\\\/uploads\\\/2025\\\/02\\\/cropped-logo-1.png\",\"width\":115,\"height\":115,\"caption\":\"Planungsb\u00fcro Muster\"},\"image\":{\"@id\":\"https:\\\/\\\/planungsbuero-muster.de\\\/#\\\/schema\\\/logo\\\/image\\\/\"}}]}<\/script>\n<!-- \/ Yoast SEO plugin. -->","yoast_head_json":{"title":"Fachm\u00e4rkte und Dienstleistungsst\u00e4tten - Planungsb\u00fcro Muster","robots":{"index":"index","follow":"follow","max-snippet":"max-snippet:-1","max-image-preview":"max-image-preview:large","max-video-preview":"max-video-preview:-1"},"canonical":"https:\/\/planungsbuero-muster.de\/index.php\/fachmaerkte-und-dienstleistungsstaetten\/","og_locale":"de_DE","og_type":"article","og_title":"Fachm\u00e4rkte und Dienstleistungsst\u00e4tten - Planungsb\u00fcro Muster","og_description":"Was ist Ihnen wichtig? Heute und in 10 Jahren? Wir denken im Sinne unserer Kunden und wir denken voraus. Auch im Bereich Logistik- und Speditionsanlagen. Damit Sie beispielsweise heute so planen und bauen, dass Sie auch in 10 Jahren alle M\u00f6glichkeiten offen haben.","og_url":"https:\/\/planungsbuero-muster.de\/index.php\/fachmaerkte-und-dienstleistungsstaetten\/","og_site_name":"Planungsb\u00fcro Muster","article_modified_time":"2025-02-24T18:50:31+00:00","twitter_card":"summary_large_image","twitter_misc":{"Gesch\u00e4tzte Lesezeit":"1\u00a0Minute"},"schema":{"@context":"https:\/\/schema.org","@graph":[{"@type":"WebPage","@id":"https:\/\/planungsbuero-muster.de\/index.php\/fachmaerkte-und-dienstleistungsstaetten\/","url":"https:\/\/planungsbuero-muster.de\/index.php\/fachmaerkte-und-dienstleistungsstaetten\/","name":"Fachm\u00e4rkte und Dienstleistungsst\u00e4tten - Planungsb\u00fcro Muster","isPartOf":{"@id":"https:\/\/planungsbuero-muster.de\/#website"},"datePublished":"2025-02-21T13:29:08+00:00","dateModified":"2025-02-24T18:50:31+00:00","breadcrumb":{"@id":"https:\/\/planungsbuero-muster.de\/index.php\/fachmaerkte-und-dienstleistungsstaetten\/#breadcrumb"},"inLanguage":"de","potentialAction":[{"@type":"ReadAction","target":["https:\/\/planungsbuero-muster.de\/index.php\/fachmaerkte-und-dienstleistungsstaetten\/"]}]},{"@type":"BreadcrumbList","@id":"https:\/\/planungsbuero-muster.de\/index.php\/fachmaerkte-und-dienstleistungsstaetten\/#breadcrumb","itemListElement":[{"@type":"ListItem","position":1,"name":"Startseite","item":"https:\/\/planungsbuero-muster.de\/"},{"@type":"ListItem","position":2,"name":"Fachm\u00e4rkte und Dienstleistungsst\u00e4tten"}]},{"@type":"WebSite","@id":"https:\/\/planungsbuero-muster.de\/#website","url":"https:\/\/planungsbuero-muster.de\/","name":"Planungsb\u00fcro Muster","description":"","publisher":{"@id":"https:\/\/planungsbuero-muster.de\/#organization"},"potentialAction":[{"@type":"SearchAction","target":{"@type":"EntryPoint","urlTemplate":"https:\/\/planungsbuero-muster.de\/?s={search_term_string}"},"query-input":{"@type":"PropertyValueSpecification","valueRequired":true,"valueName":"search_term_string"}}],"inLanguage":"de"},{"@type":"Organization","@id":"https:\/\/planungsbuero-muster.de\/#organization","name":"Planungsb\u00fcro Muster","url":"https:\/\/planungsbuero-muster.de\/","logo":{"@type":"ImageObject","inLanguage":"de","@id":"https:\/\/planungsbuero-muster.de\/#\/schema\/logo\/image\/","url":"https:\/\/planungsbuero-muster.de\/wp-content\/uploads\/2025\/02\/cropped-logo-1.png","contentUrl":"https:\/\/planungsbuero-muster.de\/wp-content\/uploads\/2025\/02\/cropped-logo-1.png","width":115,"height":115,"caption":"Planungsb\u00fcro Muster"},"image":{"@id":"https:\/\/planungsbuero-muster.de\/#\/schema\/logo\/image\/"}}]}},"jetpack_sharing_enabled":true,"_links":{"self":[{"href":"https:\/\/planungsbuero-muster.de\/index.php\/wp-json\/wp\/v2\/pages\/36","targetHints":{"allow":["GET"]}}],"collection":[{"href":"https:\/\/planungsbuero-muster.de\/index.php\/wp-json\/wp\/v2\/pages"}],"about":[{"href":"https:\/\/planungsbuero-muster.de\/index.php\/wp-json\/wp\/v2\/types\/page"}],"author":[{"embeddable":true,"href":"https:\/\/planungsbuero-muster.de\/index.php\/wp-json\/wp\/v2\/users\/1"}],"replies":[{"embeddable":true,"href":"https:\/\/planungsbuero-muster.de\/index.php\/wp-json\/wp\/v2\/comments?post=36"}],"version-history":[{"count":2,"href":"https:\/\/planungsbuero-muster.de\/index.php\/wp-json\/wp\/v2\/pages\/36\/revisions"}],"predecessor-version":[{"id":461,"href":"https:\/\/planungsbuero-muster.de\/index.php\/wp-json\/wp\/v2\/pages\/36\/revisions\/461"}],"wp:attachment":[{"href":"https:\/\/planungsbuero-muster.de\/index.php\/wp-json\/wp\/v2\/media?parent=36"}],"curies":[{"name":"wp","href":"https:\/\/api.w.org\/{rel}","templated":true}]}}